{"id":4508,"date":"2014-02-11T11:50:56","date_gmt":"2014-02-11T10:50:56","guid":{"rendered":"http:\/\/www.hahnemann.cat\/avis-legal-2\/"},"modified":"2019-06-25T13:12:19","modified_gmt":"2019-06-25T12:12:19","slug":"avis-legal","status":"publish","type":"page","link":"https:\/\/www.hahnemann.cat\/fr\/avis-legal\/","title":{"rendered":"Avis Legal"},"content":{"rendered":"<p style=\"text-align: justify;\"><span style=\"font-size: medium;\">Nom Web: Gabinet M\u00e8dic Hahnemann &#8211; <strong>Dra. Anna Pla<\/strong><\/span><\/p>\n<p style=\"text-align: justify;\"><span style=\"font-size: medium;\">Domicili professional:<strong> C\/ Gran de Gr\u00e0cia, 16, 1r. 08012 Barcelona<\/strong><\/span><\/p>\n<p style=\"text-align: justify;\"><span style=\"font-size: medium;\">CIF \/ NIF: 37.672.622-W<strong><br \/>\n<\/strong><\/span><\/p>\n<p style=\"text-align: justify;\"><span style=\"font-size: medium;\">Tel\u00e8fon: <strong>93 184 72 14<\/strong><\/span><\/p>\n<p style=\"text-align: justify;\"><span style=\"font-size: medium;\">e-Mail:\u00a0 <strong>dra.annapla.16566@gmail.com<br \/>\n<\/strong><\/span><\/p>\n<p style=\"text-align: justify;\"><span style=\"font-size: medium;\">Nom de domini:\u00a0 <a href=\"http:\/\/www.hahnemann.cat\/\">www.hahnemann.cat<\/a><\/span><\/p>\n<p style=\"text-align: justify;\"><span style=\"font-size: medium;\">\u00a0<\/span><\/p>\n<p style=\"text-align: justify;\"><strong><span style=\"font-size: medium;\">OBJECTE<\/span><\/strong><\/p>\n<p style=\"text-align: justify;\"><span style=\"font-size: medium;\">El prestador, responsable del lloc web, posa a disposici\u00f3 dels usuaris el present document amb el qual pret\u00e9n donar compliment a les obligacions disposades en la Llei 34\/2002, de Serveis de la Societat de la Informaci\u00f3 i del Comer\u00e7 Electr\u00f2nic (LSSI-CE ), aix\u00ed com informar a tots els usuaris del lloc web respecte a quines s\u00f3n les condicions d&rsquo;\u00fas del lloc web.<\/span><\/p>\n<p style=\"text-align: justify;\"><span style=\"font-size: medium;\">Tota persona que accedeixi a aquest lloc web assumeix el paper d&rsquo;usuari, comprometent-se a l&rsquo;observan\u00e7a i compliment rigor\u00f3s de les disposicions aqu\u00ed disposades, aix\u00ed com a qualsevol altra disposici\u00f3 legal que fora d&rsquo;aplicaci\u00f3.<\/span><\/p>\n<p style=\"text-align: justify;\"><span style=\"font-size: medium;\">El prestador es reserva el dret a modificar qualsevol tipus d&rsquo;informaci\u00f3 que pogu\u00e9s apar\u00e8ixer al lloc web, sense que hi hagi obligaci\u00f3 d&rsquo;avisar o posar en coneixement dels usuaris aquestes obligacions, entenent-se com suficient amb la publicaci\u00f3 al lloc web del prestador.<\/span><\/p>\n<p style=\"text-align: justify;\"><span style=\"text-decoration: line-through; font-size: medium;\">\u00a0<\/span><\/p>\n<p style=\"text-align: justify;\"><strong><span style=\"font-size: medium;\">RESPONSABILITAT<\/span><\/strong><\/p>\n<p style=\"text-align: justify;\"><span style=\"font-size: medium;\">El prestador s&rsquo;eximeix de qualsevol tipus de responsabilitat derivada de la informaci\u00f3 publicada al seu lloc web, sempre que aquesta informaci\u00f3 hagi estat manipulada o introdu\u00efda per un tercer ali\u00e8 a aquest.<\/span><\/p>\n<p style=\"text-align: justify;\"><span style=\"font-size: medium;\">El lloc web del prestador pot utilitzar cookies (petits arxius d&rsquo;informaci\u00f3 que el servidor envia a l&rsquo;ordinador de qui accedeix a la p\u00e0gina) per dur a terme determinades funcions que s\u00f3n considerades imprescindibles per al correcte funcionament i visualitzaci\u00f3 del lloc. Els cookies utilitzats al lloc web tenen, en tot cas, car\u00e0cter temporal amb l&rsquo;\u00fanica finalitat de fer m\u00e9s efica\u00e7 la seva transmissi\u00f3 ulterior i desapareixen en acabar la sessi\u00f3 de l&rsquo;usuari. En cap cas s&rsquo;utilitzaran les cookies per recollir informaci\u00f3 de car\u00e0cter personal.<\/span><\/p>\n<p style=\"text-align: justify;\"><span style=\"font-size: medium;\">Des del lloc web del client \u00e9s possible que es redirigeixi a continguts de tercers llocs web. At\u00e8s que el prestador no pot controlar sempre els continguts introdu\u00efts pels tercers en els seus llocs web, aquest no assumeix cap tipus de responsabilitat respecte a aquests continguts. En tot cas, el prestador manifesta que procedir\u00e0 a la retirada immediata de qualsevol contingut que pogu\u00e9s contravenir la legislaci\u00f3 nacional o internacional, la moral o l&rsquo;ordre p\u00fablic, procedint a la retirada immediata de la redirecci\u00f3 a aquest lloc web, posant en coneixement de les autoritats competents el contingut en q\u00fcesti\u00f3.<\/span><\/p>\n<p style=\"text-align: justify;\"><span style=\"font-size: medium;\">El prestador no es fa responsable de la informaci\u00f3 i continguts emmagatzemats, a t\u00edtol enunciatiu per\u00f2 no limitatiu, en f\u00f2rums, xats, generadors de blocs, comentaris, xarxes socials o qualsevol altre mitj\u00e0 que permeti a tercers publicar continguts de forma independent a la p\u00e0gina web del prestador. No obstant aix\u00f2 i en compliment del que disposa l&rsquo;art. 11 i 16 de la LSSI-CE, el prestador es posa a disposici\u00f3 de tots els usuaris, autoritats i forces de seguretat, i col \u00b7 laborant de manera activa en la retirada o, si s&rsquo;escau bloqueig de tots aquells continguts que poguessin afectar o contravenir la legislaci\u00f3 nacional, o internacional, drets de tercers o la moral i l&rsquo;ordre p\u00fablic. En cas que l&rsquo;usuari consideri que existeix en el lloc web algun contingut que pogu\u00e9s ser susceptible d&rsquo;aquesta classificaci\u00f3, es prega ho faci saber de forma immediata a l&rsquo;administrador del lloc web.<\/span><\/p>\n<p style=\"text-align: justify;\"><span style=\"font-size: medium;\">Aquest lloc web ha estat revisat i provat perqu\u00e8 funcioni correctament. En principi, pot garantir el correcte funcionament els 365 dies de l&rsquo;any, 24 hores al dia. No obstant, el prestador no descarta la possibilitat que existeixin certs errors de programaci\u00f3, o que esdevinguin causes de for\u00e7a major, cat\u00e0strofes naturals, vagues, o circumst\u00e0ncies semblants que facin impossible l&rsquo;acc\u00e9s a la p\u00e0gina web.<\/span><\/p>\n<p style=\"text-align: justify;\"><strong><span style=\"font-size: medium;\">PROTECCI\u00d3 DE DADES PERSONALS<\/span><\/strong><\/p>\n<p style=\"text-align: justify;\"><span style=\"font-size: medium;\">El prestador es troba profundament comprom\u00e8s amb el compliment de la normativa espanyola de protecci\u00f3 de dades de car\u00e0cter personal, i garanteix el compliment \u00edntegre de les obligacions disposades, aix\u00ed com la implementaci\u00f3 de les mesures de seguretat disposades en l&rsquo;art. 9 de la Llei 15\/1999, de Protecci\u00f3 de Dades de Car\u00e0cter Personal (LOPD) i en el Reglament de Desenvolupament de la LOPD.<\/span><\/p>\n<p style=\"text-align: justify;\"><span style=\"font-size: medium;\">El prestador posa a disposici\u00f3 dels usuaris la Pol\u00edtica de Privacitat de l&rsquo;entitat informant als usuaris respecte als seg\u00fcents aspectes:<\/span><\/p>\n<p style=\"text-align: justify;\"><span style=\"font-size: medium;\">&#8211; Dades del responsable del tractament.<\/span><\/p>\n<p style=\"text-align: justify;\"><span style=\"font-size: medium;\">&#8211; Dades tractades.<\/span><\/p>\n<p style=\"text-align: justify;\"><span style=\"font-size: medium;\">&#8211; Fitxer en el qual s&#8217;emmagatzemen.<\/span><\/p>\n<p style=\"text-align: justify;\"><span style=\"font-size: medium;\">&#8211; Finalitat del tractament.<\/span><\/p>\n<p style=\"text-align: justify;\"><span style=\"font-size: medium;\">&#8211; Obligatorietat o no de facilitar, aix\u00ed com les conseq\u00fc\u00e8ncies en cas de no facilitar.<\/span><\/p>\n<p style=\"text-align: justify;\"><span style=\"font-size: medium;\">&#8211; Sobre els drets que assisteixen a tot usuari i el procediment per exercitar-los.<\/span><\/p>\n<p style=\"text-align: justify;\"><span style=\"font-size: medium;\">\u00a0<\/span><\/p>\n<p style=\"text-align: justify;\"><strong><span style=\"font-size: medium;\">PROPIETAT INTEL \u00b7 LECTUAL I INDUSTRIAL<\/span><\/strong><\/p>\n<p style=\"text-align: justify;\"><span style=\"font-size: medium;\">El lloc web, incloent a t\u00edtol enunciatiu per\u00f2 no limitatiu la seva programaci\u00f3, edici\u00f3, compilaci\u00f3 i altres elements necessaris per al seu funcionament, els dissenys, logotips, text i \/ o gr\u00e0fics s\u00f3n propietat del prestador o, si escau disposa de llic\u00e8ncia o autoritzaci\u00f3 expressa per part dels autors. Tots els continguts del lloc web es troben degudament protegits per la normativa de propietat intel\u00b7lectual i industrial, aix\u00ed com inscrits en els registres p\u00fablics corresponents.<\/span><\/p>\n<p style=\"text-align: justify;\"><span style=\"font-size: medium;\">Independentment de la finalitat per a la qual fossin destinats, la reproducci\u00f3 total o parcial, \u00fas, explotaci\u00f3, distribuci\u00f3 i comercialitzaci\u00f3, requereix en tot cas de l&rsquo;autoritzaci\u00f3 escrita pr\u00e8via per part del prestador. Qualsevol \u00fas no autoritzat pr\u00e8viament per part del prestador ser\u00e0 considerat un incompliment greu dels drets de propietat intel\u00b7lectual o industrial de l&rsquo;autor.<\/span><\/p>\n<p style=\"text-align: justify;\"><span style=\"font-size: medium;\">Els dissenys, logotips, text i \/ o gr\u00e0fics aliens al prestador i que poguessin apar\u00e8ixer al lloc web, pertanyen als seus respectius propietaris, sent ells mateixos responsables de qualsevol possible controv\u00e8rsia que pogu\u00e9s suscitar respecte a aquests. En tot cas, el prestador compta amb l&rsquo;autoritzaci\u00f3 expressa i pr\u00e8via per part dels mateixos.<\/span><\/p>\n<p style=\"text-align: justify;\"><span style=\"font-size: medium;\">El prestador reconeix a favor dels seus titulars els corresponents drets de propietat industrial i intel\u00b7lectual, no implicant el seu sol esment o aparici\u00f3 al lloc web l&rsquo;exist\u00e8ncia de drets o responsabilitat alguna del prestador sobre els mateixos, com tampoc respatller, patrocini o recomanaci\u00f3 per part del mateix.<\/span><\/p>\n<p style=\"text-align: justify;\"><span style=\"font-size: medium;\">Per realitzar qualsevol tipus d&rsquo;observaci\u00f3 respecte a possibles incompliments dels drets de propietat intel\u00b7lectual o industrial, aix\u00ed com sobre qualsevol dels continguts del lloc web, pot fer-ho a trav\u00e9s del seg\u00fcent correu electr\u00f2nic.<\/span><\/p>\n<p style=\"text-align: justify;\"><span style=\"font-size: medium;\">\u00a0<\/span><\/p>\n<p style=\"text-align: justify;\"><strong><span style=\"font-size: medium;\">LLEI APLICABLE I JURISDICCI\u00d3<\/span><\/strong><\/p>\n<p style=\"text-align: justify;\"><span style=\"font-size: medium;\">Per a la resoluci\u00f3 de totes les controv\u00e8rsies o q\u00fcestions relacionades amb el present lloc web o de les activitats en ell desenvolupades, ser\u00e0 d&rsquo;aplicaci\u00f3 la legislaci\u00f3 espanyola, a la qual se sotmeten expressament les parts, sent competents per a la resoluci\u00f3 de tots els conflictes derivats o relacionats amb el seu \u00fas els Jutjats i Tribunals de Barcelona.<\/span><\/p>\n","protected":false},"excerpt":{"rendered":"<p>Nom Web: Gabinet M\u00e8dic Hahnemann &#8211; Dra. Anna Pla Domicili professional: C\/ Gran de Gr\u00e0cia, 16, 1r. 08012 Barcelona CIF \/ NIF: 37.672.622-W Tel\u00e8fon: 93 184 72 14 e-Mail:\u00a0 dra.annapla.16566@gmail.com Nom de domini:\u00a0 www.hahnemann.cat \u00a0 OBJECTE El prestador, responsable del lloc web, posa a disposici\u00f3 dels usuaris el present document amb el qual pret\u00e9n donar&hellip;<\/p>\n","protected":false},"author":2,"featured_media":0,"parent":0,"menu_order":0,"comment_status":"closed","ping_status":"closed","template":"","meta":{"footnotes":""},"class_list":["post-4508","page","type-page","status-publish","hentry","entry","no-media"],"aioseo_notices":[],"_links":{"self":[{"href":"https:\/\/www.hahnemann.cat\/fr\/wp-json\/wp\/v2\/pages\/4508","targetHints":{"allow":["GET"]}}],"collection":[{"href":"https:\/\/www.hahnemann.cat\/fr\/wp-json\/wp\/v2\/pages"}],"about":[{"href":"https:\/\/www.hahnemann.cat\/fr\/wp-json\/wp\/v2\/types\/page"}],"author":[{"embeddable":true,"href":"https:\/\/www.hahnemann.cat\/fr\/wp-json\/wp\/v2\/users\/2"}],"replies":[{"embeddable":true,"href":"https:\/\/www.hahnemann.cat\/fr\/wp-json\/wp\/v2\/comments?post=4508"}],"version-history":[{"count":5,"href":"https:\/\/www.hahnemann.cat\/fr\/wp-json\/wp\/v2\/pages\/4508\/revisions"}],"predecessor-version":[{"id":4832,"href":"https:\/\/www.hahnemann.cat\/fr\/wp-json\/wp\/v2\/pages\/4508\/revisions\/4832"}],"wp:attachment":[{"href":"https:\/\/www.hahnemann.cat\/fr\/wp-json\/wp\/v2\/media?parent=4508"}],"curies":[{"name":"wp","href":"https:\/\/api.w.org\/{rel}","templated":true}]}}