{"id":16256,"date":"2020-02-27T09:41:14","date_gmt":"2020-02-27T08:41:14","guid":{"rendered":"https:\/\/www.hahnemann.cat\/?page_id=16256"},"modified":"2026-02-06T15:33:18","modified_gmt":"2026-02-06T14:33:18","slug":"heures-dattention","status":"publish","type":"page","link":"https:\/\/www.hahnemann.cat\/fr\/heures-dattention\/","title":{"rendered":"Heures d&rsquo;attention"},"content":{"rendered":"<div class=\"wpb-content-wrapper\">[vc_row][vc_column][vc_column_text css=\u00a0\u00bb\u00a0\u00bb]\n<h2>Heures d\u2019ouverture:<\/h2>\n<table width=\"56%\">\n<tbody>\n<tr>\n<td width=\"6%\">Mardi<\/td>\n<td width=\"49%\">15:00 \u2013 20:00 h<\/td>\n<\/tr>\n<tr>\n<td width=\"6%\">Jeudi<\/td>\n<td width=\"49%\">16:00 \u2013 20:00 h (Bigues i Riells del Fai)<\/td>\n<\/tr>\n<tr>\n<td width=\"6%\">Vendredi<\/td>\n<td width=\"49%\">10:00 \u2013 14:00 h \/\u00a0 13:50 \u2013 20:00 h<\/td>\n<\/tr>\n<\/tbody>\n<\/table>\n<p>&nbsp;<\/p>\n<h2>Horaire du s\u00e9cretariat:<\/h2>\n<table style=\"width: 48%; height: 24px;\" width=\"48%\">\n<tbody>\n<tr style=\"height: 24px;\">\n<td style=\"height: 24px;\" width=\"26%\">Du lundi au vendredi<\/td>\n<td style=\"height: 24px;\" width=\"21%\">8:30 -20:30 h<\/td>\n<\/tr>\n<\/tbody>\n<\/table>\n<p><strong><span class=\"HwtZe\" lang=\"fr\"><span class=\"jCAhz ChMk0b\"><span class=\"ryNqvb\">Vous pouvez \u00e9galement r\u00e9server un temps sur le web : <a href=\"http:\/\/www.mtb.cat\">www.mtb.cat<\/a><\/span><\/span><\/span><\/strong><\/p>\n<p>Pour les urgences le week-end et les jours f\u00e9ri\u00e9s de 10:00 h \u00e0 21:00 h vous pouvez t\u00e9l\u00e9phoner au Dr. Anna Pla au: (+34) <strong>644 40 14 35\u00a0 ou par APP \u201cTelegram<\/strong>\u201c<\/p>\n<p>&nbsp;<\/p>\n<h2>Tarifs :<\/h2>\n<ul>\n<li>Premi\u00e8re visite : 150 \u20ac<\/li>\n<li>Deuxi\u00e8mes visites : 110 \u20ac<\/li>\n<\/ul>\n<p><a class=\"btn-a\" href=\"https:\/\/www.hahnemann.cat\/wp-content\/uploads\/2024\/06\/Informacion-de-las-cuotas-familiares-tarifa-plana-setiembre-202383.pdf\" target=\"_blank\" rel=\"noopener noreferrer\">Mensualit\u00e9s \u00ab forfaitaires \u00bb<\/a>[\/vc_column_text][\/vc_column][\/vc_row]\n<\/div>","protected":false},"excerpt":{"rendered":"<p>[vc_row][vc_column][vc_column_text css=\u00a0\u00bb\u00a0\u00bb] Heures d\u2019ouverture: Mardi 15:00 \u2013 20:00 h Jeudi 16:00 \u2013 20:00 h (Bigues i Riells del Fai) Vendredi 10:00 \u2013 14:00 h \/\u00a0 13:50 \u2013 20:00 h &nbsp; Horaire du s\u00e9cretariat: Du lundi au vendredi 8:30 -20:30 h Vous pouvez \u00e9galement r\u00e9server un temps sur le web : www.mtb.cat Pour les urgences le&hellip;<\/p>\n","protected":false},"author":2,"featured_media":0,"parent":0,"menu_order":0,"comment_status":"closed","ping_status":"closed","template":"","meta":{"footnotes":""},"class_list":["post-16256","page","type-page","status-publish","hentry","entry","no-media"],"aioseo_notices":[],"_links":{"self":[{"href":"https:\/\/www.hahnemann.cat\/fr\/wp-json\/wp\/v2\/pages\/16256","targetHints":{"allow":["GET"]}}],"collection":[{"href":"https:\/\/www.hahnemann.cat\/fr\/wp-json\/wp\/v2\/pages"}],"about":[{"href":"https:\/\/www.hahnemann.cat\/fr\/wp-json\/wp\/v2\/types\/page"}],"author":[{"embeddable":true,"href":"https:\/\/www.hahnemann.cat\/fr\/wp-json\/wp\/v2\/users\/2"}],"replies":[{"embeddable":true,"href":"https:\/\/www.hahnemann.cat\/fr\/wp-json\/wp\/v2\/comments?post=16256"}],"version-history":[{"count":5,"href":"https:\/\/www.hahnemann.cat\/fr\/wp-json\/wp\/v2\/pages\/16256\/revisions"}],"predecessor-version":[{"id":16513,"href":"https:\/\/www.hahnemann.cat\/fr\/wp-json\/wp\/v2\/pages\/16256\/revisions\/16513"}],"wp:attachment":[{"href":"https:\/\/www.hahnemann.cat\/fr\/wp-json\/wp\/v2\/media?parent=16256"}],"curies":[{"name":"wp","href":"https:\/\/api.w.org\/{rel}","templated":true}]}}